{"id":455,"date":"2020-09-04T09:27:58","date_gmt":"2020-09-04T09:27:58","guid":{"rendered":"http:\/\/wpdemo.archiwp.com\/maxbizz\/?page_id=455"},"modified":"2024-09-14T15:22:24","modified_gmt":"2024-09-14T12:22:24","slug":"contacts","status":"publish","type":"page","link":"https:\/\/www.chessmasteracademy.org\/?page_id=455","title":{"rendered":"\u0130LET\u0130\u015e\u0130M"},"content":{"rendered":"\t\t<div data-elementor-type=\"wp-page\" data-elementor-id=\"455\" class=\"elementor elementor-455\">\n\t\t\t\t\t\t<section class=\"elementor-section elementor-top-section elementor-element elementor-element-86d48d0 elementor-section-boxed elementor-section-height-default elementor-section-height-default\" data-id=\"86d48d0\" data-element_type=\"section\">\n\t\t\t\t\t\t<div class=\"elementor-container elementor-column-gap-extended\">\n\t\t\t\t\t<div class=\"elementor-column elementor-col-33 elementor-top-column elementor-element elementor-element-1feabce ot-flex-column-vertical\" data-id=\"1feabce\" data-element_type=\"column\">\n\t\t\t<div class=\"elementor-widget-wrap elementor-element-populated\">\n\t\t\t\t\t\t<div class=\"elementor-element elementor-element-030e332 elementor-widget elementor-widget-iheading\" data-id=\"030e332\" data-element_type=\"widget\" data-widget_type=\"iheading.default\">\n\t\t\t\t<div class=\"elementor-widget-container\">\n\t\t\t\t\t<div class=\"ot-heading\">\r\n\t        <span class=\"is_highlight\">Borhan Chessmaster Academy<\/span>\t        <h3 class=\"main-head\">\u0130leti\u015fim Bilgilerimiz<\/h3>\t    <\/div>\r\n\t    \t\t<\/div>\n\t\t\t\t<\/div>\n\t\t\t\t<div class=\"elementor-element elementor-element-588e854 elementor-widget elementor-widget-text-editor\" data-id=\"588e854\" data-element_type=\"widget\" data-widget_type=\"text-editor.default\">\n\t\t\t\t<div class=\"elementor-widget-container\">\n\t\t\t<style>\/*! elementor - v3.20.0 - 26-03-2024 *\/\n.elementor-widget-text-editor.elementor-drop-cap-view-stacked .elementor-drop-cap{background-color:#69727d;color:#fff}.elementor-widget-text-editor.elementor-drop-cap-view-framed .elementor-drop-cap{color:#69727d;border:3px solid;background-color:transparent}.elementor-widget-text-editor:not(.elementor-drop-cap-view-default) .elementor-drop-cap{margin-top:8px}.elementor-widget-text-editor:not(.elementor-drop-cap-view-default) .elementor-drop-cap-letter{width:1em;height:1em}.elementor-widget-text-editor .elementor-drop-cap{float:left;text-align:center;line-height:1;font-size:50px}.elementor-widget-text-editor .elementor-drop-cap-letter{display:inline-block}<\/style>\t\t\t\t<p>E\u011fitimlerimiz ve \u00fcr\u00fcnlerimiz hakk\u0131nda detayl\u0131 bilgi almak isterseniz ileti\u015fim bilgilerimizden bize ula\u015fabilir yada formumuzu doldurabilirsiniz. Formu doldurdu\u011funuzda size taraf\u0131m\u0131zdan ula\u015f\u0131lacakt\u0131r.<\/p>\t\t\t\t\t\t<\/div>\n\t\t\t\t<\/div>\n\t\t\t\t<div class=\"elementor-element elementor-element-130afd7 box-s1 icon-left elementor-widget elementor-widget-iiconbox2\" data-id=\"130afd7\" data-element_type=\"widget\" data-widget_type=\"iiconbox2.default\">\n\t\t\t\t<div class=\"elementor-widget-container\">\n\t\t\t\t\t<div class=\"icon-box icon-box-2\">\r\n\t\t\t<div class=\"icon-main\">\r\n\t\t        <svg xmlns=\"http:\/\/www.w3.org\/2000\/svg\" xmlns:xlink=\"http:\/\/www.w3.org\/1999\/xlink\" x=\"0px\" y=\"0px\" viewBox=\"0 0 512 512\" style=\"enable-background:new 0 0 512 512;\" xml:space=\"preserve\"><g>\t<g>\t\t<path d=\"M256,0C150.125,0,64,86.135,64,192c0,141.646,177.146,310,184.688,317.104C250.75,511.031,253.375,512,256,512   s5.25-0.969,7.313-2.896C270.854,502,448,333.646,448,192C448,86.135,361.875,0,256,0z M256,298.667   c-58.813,0-106.667-47.854-106.667-106.667S197.188,85.333,256,85.333S362.667,133.188,362.667,192S314.813,298.667,256,298.667z\"><\/path>\t<\/g><\/g><\/svg>\t        <\/div>\r\n\t        <div class=\"content-box\">\r\n\t\t\t\t<h6 class=\"title-box\">Merkez :<\/h6>\t\t\t\t<p>Barbaros Mh. Ba\u015fkan Sk. No:18 Ko\u015fuyolu \/\u0130STANBUL<\/p>\t\t\t<\/div>\r\n\t    <\/div>\r\n\t    \t\t<\/div>\n\t\t\t\t<\/div>\n\t\t\t\t<div class=\"elementor-element elementor-element-c242019 box-s1 icon-left elementor-widget elementor-widget-iiconbox2\" data-id=\"c242019\" data-element_type=\"widget\" data-widget_type=\"iiconbox2.default\">\n\t\t\t\t<div class=\"elementor-widget-container\">\n\t\t\t\t\t<div class=\"icon-box icon-box-2\">\r\n\t\t\t<div class=\"icon-main\">\r\n\t\t        <svg xmlns=\"http:\/\/www.w3.org\/2000\/svg\" xmlns:xlink=\"http:\/\/www.w3.org\/1999\/xlink\" x=\"0px\" y=\"0px\" viewBox=\"0 0 512 512\" style=\"enable-background:new 0 0 512 512;\" xml:space=\"preserve\"><g>\t<g>\t\t<path d=\"M256,0C150.125,0,64,86.135,64,192c0,141.646,177.146,310,184.688,317.104C250.75,511.031,253.375,512,256,512   s5.25-0.969,7.313-2.896C270.854,502,448,333.646,448,192C448,86.135,361.875,0,256,0z M256,298.667   c-58.813,0-106.667-47.854-106.667-106.667S197.188,85.333,256,85.333S362.667,133.188,362.667,192S314.813,298.667,256,298.667z\"><\/path>\t<\/g><\/g><\/svg>\t        <\/div>\r\n\t        <div class=\"content-box\">\r\n\t\t\t\t<h6 class=\"title-box\">\u015eube :<\/h6>\t\t\t\t<p>Rings AVM Sancaktepe \/ \u0130STANBUL<\/p>\t\t\t<\/div>\r\n\t    <\/div>\r\n\t    \t\t<\/div>\n\t\t\t\t<\/div>\n\t\t\t\t<div class=\"elementor-element elementor-element-e7539c3 box-s1 icon-left elementor-widget elementor-widget-iiconbox2\" data-id=\"e7539c3\" data-element_type=\"widget\" data-widget_type=\"iiconbox2.default\">\n\t\t\t\t<div class=\"elementor-widget-container\">\n\t\t\t\t\t<div class=\"icon-box icon-box-2\">\r\n\t\t\t<div class=\"icon-main\">\r\n\t\t        <svg xmlns=\"http:\/\/www.w3.org\/2000\/svg\" xmlns:xlink=\"http:\/\/www.w3.org\/1999\/xlink\" x=\"0px\" y=\"0px\" viewBox=\"0 0 384 384\" style=\"enable-background:new 0 0 384 384;\" xml:space=\"preserve\"><g>\t<g>\t\t<path d=\"M353.188,252.052c-23.51,0-46.594-3.677-68.469-10.906c-10.719-3.656-23.896-0.302-30.438,6.417l-43.177,32.594   c-50.073-26.729-80.917-57.563-107.281-107.26l31.635-42.052c8.219-8.208,11.167-20.198,7.635-31.448   c-7.26-21.99-10.948-45.063-10.948-68.583C132.146,13.823,118.323,0,101.333,0H30.813C13.823,0,0,13.823,0,30.813   C0,225.563,158.438,384,353.188,384c16.99,0,30.813-13.823,30.813-30.813v-70.323C384,265.875,370.177,252.052,353.188,252.052z\"><\/path>\t<\/g><\/g><\/svg>\t        <\/div>\r\n\t        <div class=\"content-box\">\r\n\t\t\t\t<h6 class=\"title-box\"><a href=\"tel:+90 505 674 7674\">+90 505 674 7 674<\/a><\/h6>\t\t\t\t<p>+90 532 483 79 60 (for English)<\/p>\t\t\t<\/div>\r\n\t    <\/div>\r\n\t    \t\t<\/div>\n\t\t\t\t<\/div>\n\t\t\t\t<div class=\"elementor-element elementor-element-f3cf3dd bline-yes box-s1 icon-left elementor-widget elementor-widget-iiconbox2\" data-id=\"f3cf3dd\" data-element_type=\"widget\" data-widget_type=\"iiconbox2.default\">\n\t\t\t\t<div class=\"elementor-widget-container\">\n\t\t\t\t\t<div class=\"icon-box icon-box-2\">\r\n\t\t\t<div class=\"icon-main\">\r\n\t\t        <i aria-hidden=\"true\" class=\"far fa-paper-plane\"><\/i>\t        <\/div>\r\n\t        <div class=\"content-box\">\r\n\t\t\t\t<h6 class=\"title-box\"><a href=\"mailto: serdarborhan@gmail.com\">serdarborhan@gmail.com<\/a><\/h6>\t\t\t\t\t\t\t<\/div>\r\n\t    <\/div>\r\n\t    \t\t<\/div>\n\t\t\t\t<\/div>\n\t\t\t\t\t<\/div>\n\t\t<\/div>\n\t\t\t\t<div class=\"elementor-column elementor-col-66 elementor-top-column elementor-element elementor-element-89ca7e2 ot-flex-column-vertical\" data-id=\"89ca7e2\" data-element_type=\"column\">\n\t\t\t<div class=\"elementor-widget-wrap elementor-element-populated\">\n\t\t\t\t\t\t<div class=\"elementor-element elementor-element-176649a elementor-widget elementor-widget-image-carousel\" data-id=\"176649a\" data-element_type=\"widget\" data-settings=\"{&quot;slides_to_show&quot;:&quot;1&quot;,&quot;navigation&quot;:&quot;none&quot;,&quot;autoplay_speed&quot;:2500,&quot;autoplay&quot;:&quot;yes&quot;,&quot;pause_on_hover&quot;:&quot;yes&quot;,&quot;pause_on_interaction&quot;:&quot;yes&quot;,&quot;infinite&quot;:&quot;yes&quot;,&quot;effect&quot;:&quot;slide&quot;,&quot;speed&quot;:500}\" data-widget_type=\"image-carousel.default\">\n\t\t\t\t<div class=\"elementor-widget-container\">\n\t\t\t<style>\/*! elementor - v3.20.0 - 26-03-2024 *\/\n.elementor-widget-image-carousel .swiper,.elementor-widget-image-carousel .swiper-container{position:static}.elementor-widget-image-carousel .swiper-container .swiper-slide figure,.elementor-widget-image-carousel .swiper .swiper-slide figure{line-height:inherit}.elementor-widget-image-carousel .swiper-slide{text-align:center}.elementor-image-carousel-wrapper:not(.swiper-container-initialized):not(.swiper-initialized) .swiper-slide{max-width:calc(100% \/ var(--e-image-carousel-slides-to-show, 3))}<\/style>\t\t<div class=\"elementor-image-carousel-wrapper swiper\" dir=\"ltr\">\n\t\t\t<div class=\"elementor-image-carousel swiper-wrapper\" aria-live=\"off\">\n\t\t\t\t\t\t\t\t<div class=\"swiper-slide\" role=\"group\" aria-roledescription=\"slide\" aria-label=\"1 \/ 1\"><figure class=\"swiper-slide-inner\"><img decoding=\"async\" class=\"swiper-slide-image\" src=\"https:\/\/www.chessmasteracademy.org\/wp-content\/uploads\/2022\/05\/Resim9-600x482.jpg\" alt=\"Resim9\" \/><\/figure><\/div>\t\t\t<\/div>\n\t\t\t\t\t<\/div>\n\t\t\t\t<\/div>\n\t\t\t\t<\/div>\n\t\t\t\t\t<\/div>\n\t\t<\/div>\n\t\t\t\t\t<\/div>\n\t\t<\/section>\n\t\t\t\t<section class=\"elementor-section elementor-top-section elementor-element elementor-element-9e20f7d elementor-section-boxed elementor-section-height-default elementor-section-height-default\" data-id=\"9e20f7d\" data-element_type=\"section\">\n\t\t\t\t\t\t<div class=\"elementor-container elementor-column-gap-default\">\n\t\t\t\t\t<div class=\"elementor-column elementor-col-100 elementor-top-column elementor-element elementor-element-d6f1a12 ot-flex-column-vertical\" data-id=\"d6f1a12\" data-element_type=\"column\">\n\t\t\t<div class=\"elementor-widget-wrap elementor-element-populated\">\n\t\t\t\t\t\t<div class=\"elementor-element elementor-element-b47d0b6 elementor-widget elementor-widget-spacer\" data-id=\"b47d0b6\" data-element_type=\"widget\" data-widget_type=\"spacer.default\">\n\t\t\t\t<div class=\"elementor-widget-container\">\n\t\t\t<style>\/*! elementor - v3.20.0 - 26-03-2024 *\/\n.elementor-column .elementor-spacer-inner{height:var(--spacer-size)}.e-con{--container-widget-width:100%}.e-con-inner>.elementor-widget-spacer,.e-con>.elementor-widget-spacer{width:var(--container-widget-width,var(--spacer-size));--align-self:var(--container-widget-align-self,initial);--flex-shrink:0}.e-con-inner>.elementor-widget-spacer>.elementor-widget-container,.e-con>.elementor-widget-spacer>.elementor-widget-container{height:100%;width:100%}.e-con-inner>.elementor-widget-spacer>.elementor-widget-container>.elementor-spacer,.e-con>.elementor-widget-spacer>.elementor-widget-container>.elementor-spacer{height:100%}.e-con-inner>.elementor-widget-spacer>.elementor-widget-container>.elementor-spacer>.elementor-spacer-inner,.e-con>.elementor-widget-spacer>.elementor-widget-container>.elementor-spacer>.elementor-spacer-inner{height:var(--container-widget-height,var(--spacer-size))}.e-con-inner>.elementor-widget-spacer.elementor-widget-empty,.e-con>.elementor-widget-spacer.elementor-widget-empty{position:relative;min-height:22px;min-width:22px}.e-con-inner>.elementor-widget-spacer.elementor-widget-empty .elementor-widget-empty-icon,.e-con>.elementor-widget-spacer.elementor-widget-empty .elementor-widget-empty-icon{position:absolute;top:0;bottom:0;left:0;right:0;margin:auto;padding:0;width:22px;height:22px}<\/style>\t\t<div class=\"elementor-spacer\">\n\t\t\t<div class=\"elementor-spacer-inner\"><\/div>\n\t\t<\/div>\n\t\t\t\t<\/div>\n\t\t\t\t<\/div>\n\t\t\t\t\t<\/div>\n\t\t<\/div>\n\t\t\t\t\t<\/div>\n\t\t<\/section>\n\t\t\t\t<section class=\"elementor-section elementor-top-section elementor-element elementor-element-e061816 elementor-section-boxed elementor-section-height-default elementor-section-height-default\" data-id=\"e061816\" data-element_type=\"section\">\n\t\t\t\t\t\t<div class=\"elementor-container elementor-column-gap-default\">\n\t\t\t\t\t<div class=\"elementor-column elementor-col-50 elementor-top-column elementor-element elementor-element-aee6028 ot-flex-column-vertical\" data-id=\"aee6028\" data-element_type=\"column\">\n\t\t\t<div class=\"elementor-widget-wrap elementor-element-populated\">\n\t\t\t\t\t\t<div class=\"elementor-element elementor-element-3fcc27b elementor-widget elementor-widget-google_maps\" data-id=\"3fcc27b\" data-element_type=\"widget\" data-widget_type=\"google_maps.default\">\n\t\t\t\t<div class=\"elementor-widget-container\">\n\t\t\t<style>\/*! elementor - v3.20.0 - 26-03-2024 *\/\n.elementor-widget-google_maps .elementor-widget-container{overflow:hidden}.elementor-widget-google_maps .elementor-custom-embed{line-height:0}.elementor-widget-google_maps iframe{height:300px}<\/style>\t\t<div class=\"elementor-custom-embed\">\n\t\t\t<iframe loading=\"lazy\"\n\t\t\t\t\tsrc=\"https:\/\/maps.google.com\/maps?q=Rings%20AVM%20Sancaktepe%20%2F%20%C4%B0STANBUL&#038;t=m&#038;z=15&#038;output=embed&#038;iwloc=near\"\n\t\t\t\t\ttitle=\"Rings AVM Sancaktepe \/ \u0130STANBUL\"\n\t\t\t\t\taria-label=\"Rings AVM Sancaktepe \/ \u0130STANBUL\"\n\t\t\t><\/iframe>\n\t\t<\/div>\n\t\t\t\t<\/div>\n\t\t\t\t<\/div>\n\t\t\t\t\t<\/div>\n\t\t<\/div>\n\t\t\t\t<div class=\"elementor-column elementor-col-50 elementor-top-column elementor-element elementor-element-d942db2 ot-flex-column-vertical\" data-id=\"d942db2\" data-element_type=\"column\">\n\t\t\t<div class=\"elementor-widget-wrap elementor-element-populated\">\n\t\t\t\t\t\t<div class=\"elementor-element elementor-element-d272c43 elementor-widget elementor-widget-google_maps\" data-id=\"d272c43\" data-element_type=\"widget\" data-widget_type=\"google_maps.default\">\n\t\t\t\t<div class=\"elementor-widget-container\">\n\t\t\t\t\t<div class=\"elementor-custom-embed\">\n\t\t\t<iframe loading=\"lazy\"\n\t\t\t\t\tsrc=\"https:\/\/maps.google.com\/maps?q=Barbaros%20Mh.%20Ba%C5%9Fkan%20Sk.%20No%3A18%20Ko%C5%9Fuyolu%20%2F%C4%B0STANBUL&#038;t=m&#038;z=15&#038;output=embed&#038;iwloc=near\"\n\t\t\t\t\ttitle=\"Barbaros Mh. Ba\u015fkan Sk. No:18 Ko\u015fuyolu \/\u0130STANBUL\"\n\t\t\t\t\taria-label=\"Barbaros Mh. Ba\u015fkan Sk. No:18 Ko\u015fuyolu \/\u0130STANBUL\"\n\t\t\t><\/iframe>\n\t\t<\/div>\n\t\t\t\t<\/div>\n\t\t\t\t<\/div>\n\t\t\t\t\t<\/div>\n\t\t<\/div>\n\t\t\t\t\t<\/div>\n\t\t<\/section>\n\t\t\t\t<section class=\"elementor-section elementor-top-section elementor-element elementor-element-b6f456b elementor-section-boxed elementor-section-height-default elementor-section-height-default\" data-id=\"b6f456b\" data-element_type=\"section\">\n\t\t\t\t\t\t<div class=\"elementor-container elementor-column-gap-default\">\n\t\t\t\t\t<div class=\"elementor-column elementor-col-100 elementor-top-column elementor-element elementor-element-f1f760a ot-flex-column-vertical\" data-id=\"f1f760a\" data-element_type=\"column\">\n\t\t\t<div class=\"elementor-widget-wrap elementor-element-populated\">\n\t\t\t\t\t\t<div class=\"elementor-element elementor-element-41b382f elementor-widget elementor-widget-image\" data-id=\"41b382f\" data-element_type=\"widget\" data-widget_type=\"image.default\">\n\t\t\t\t<div class=\"elementor-widget-container\">\n\t\t\t<style>\/*! elementor - v3.20.0 - 26-03-2024 *\/\n.elementor-widget-image{text-align:center}.elementor-widget-image a{display:inline-block}.elementor-widget-image a img[src$=\".svg\"]{width:48px}.elementor-widget-image img{vertical-align:middle;display:inline-block}<\/style>\t\t\t\t\t\t\t\t\t\t<img decoding=\"async\" src=\"https:\/\/www.chessmasteracademy.org\/wp-content\/plugins\/elementor\/assets\/images\/placeholder.png\" title=\"\" alt=\"\" loading=\"lazy\" \/>\t\t\t\t\t\t\t\t\t\t\t\t\t<\/div>\n\t\t\t\t<\/div>\n\t\t\t\t\t<\/div>\n\t\t<\/div>\n\t\t\t\t\t<\/div>\n\t\t<\/section>\n\t\t\t\t<section class=\"elementor-section elementor-top-section elementor-element elementor-element-a4288dd elementor-section-boxed elementor-section-height-default elementor-section-height-default\" data-id=\"a4288dd\" data-element_type=\"section\">\n\t\t\t\t\t\t<div class=\"elementor-container elementor-column-gap-default\">\n\t\t\t\t\t<div class=\"elementor-column elementor-col-100 elementor-top-column elementor-element elementor-element-6cb8e16 ot-flex-column-vertical\" data-id=\"6cb8e16\" data-element_type=\"column\">\n\t\t\t<div class=\"elementor-widget-wrap\">\n\t\t\t\t\t\t\t<\/div>\n\t\t<\/div>\n\t\t\t\t\t<\/div>\n\t\t<\/section>\n\t\t\t\t<\/div>\n\t\t","protected":false},"excerpt":{"rendered":"<p>Borhan Chessmaster Academy \u0130leti\u015fim Bilgilerimiz E\u011fitimlerimiz ve \u00fcr\u00fcnlerimiz hakk\u0131nda detayl\u0131 bilgi almak isterseniz ileti\u015fim bilgilerimizden bize ula\u015fabilir yada formumuzu doldurabilirsiniz. Formu doldurdu\u011funuzda size taraf\u0131m\u0131zdan ula\u015f\u0131lacakt\u0131r. Merkez : Barbaros Mh. Ba\u015fkan Sk. No:18 Ko\u015fuyolu \/\u0130STANBUL \u015eube : Rings AVM Sancaktepe \/ \u0130STANBUL +90 505 674 7 674 +90 532 483 79 60 (for English) serdarborhan@gmail.com<\/p>\n","protected":false},"author":1,"featured_media":0,"parent":0,"menu_order":0,"comment_status":"closed","ping_status":"closed","template":"","meta":{"footnotes":""},"class_list":["post-455","page","type-page","status-publish","hentry"],"_links":{"self":[{"href":"https:\/\/www.chessmasteracademy.org\/index.php?rest_route=\/wp\/v2\/pages\/455","targetHints":{"allow":["GET"]}}],"collection":[{"href":"https:\/\/www.chessmasteracademy.org\/index.php?rest_route=\/wp\/v2\/pages"}],"about":[{"href":"https:\/\/www.chessmasteracademy.org\/index.php?rest_route=\/wp\/v2\/types\/page"}],"author":[{"embeddable":true,"href":"https:\/\/www.chessmasteracademy.org\/index.php?rest_route=\/wp\/v2\/users\/1"}],"replies":[{"embeddable":true,"href":"https:\/\/www.chessmasteracademy.org\/index.php?rest_route=%2Fwp%2Fv2%2Fcomments&post=455"}],"version-history":[{"count":55,"href":"https:\/\/www.chessmasteracademy.org\/index.php?rest_route=\/wp\/v2\/pages\/455\/revisions"}],"predecessor-version":[{"id":2278,"href":"https:\/\/www.chessmasteracademy.org\/index.php?rest_route=\/wp\/v2\/pages\/455\/revisions\/2278"}],"wp:attachment":[{"href":"https:\/\/www.chessmasteracademy.org\/index.php?rest_route=%2Fwp%2Fv2%2Fmedia&parent=455"}],"curies":[{"name":"wp","href":"https:\/\/api.w.org\/{rel}","templated":true}]}}